{"id":131,"date":"2022-07-08T13:01:12","date_gmt":"2022-07-08T13:01:12","guid":{"rendered":"https:\/\/cotelplay.cotel.com.ar\/?page_id=131"},"modified":"2022-08-30T15:23:08","modified_gmt":"2022-08-30T15:23:08","slug":"preguntas","status":"publish","type":"page","link":"https:\/\/cotelplay.cotel.com.ar\/?page_id=131","title":{"rendered":"Preguntas"},"content":{"rendered":"<p>[et_pb_section fb_built=\u00bb1&#8243; custom_padding_last_edited=\u00bboff|desktop\u00bb admin_label=\u00bbHeader\u00bb _builder_version=\u00bb4.14.4&#8243; _module_preset=\u00bbdefault\u00bb background_color_gradient_start=\u00bb#00a859&#8243; background_color_gradient_end=\u00bbrgba(0,7,36,0.85)\u00bb background_color_gradient_direction=\u00bb40deg\u00bb background_image=\u00bbhttps:\/\/cotelplay.cotel.com.ar\/wp-content\/uploads\/2022\/06\/3.png\u00bb custom_padding=\u00bb0vw||0vw||true|false\u00bb custom_padding_tablet=\u00bb120px||120px||true|false\u00bb custom_padding_phone=\u00bb80px||80px||true|false\u00bb global_colors_info=\u00bb{}\u00bb][et_pb_row _builder_version=\u00bb4.14.4&#8243; _module_preset=\u00bbdefault\u00bb global_colors_info=\u00bb{}\u00bb][et_pb_column type=\u00bb4_4&#8243; _builder_version=\u00bb4.14.4&#8243; _module_preset=\u00bbdefault\u00bb global_colors_info=\u00bb{}\u00bb][et_pb_accordion _builder_version=\u00bb4.14.4&#8243; _module_preset=\u00bbdefault\u00bb global_colors_info=\u00bb{}\u00bb][et_pb_accordion_item title=\u00bb\u00bfQue es Cotel Play y como lo contrato?\u00bb _builder_version=\u00bb4.14.4&#8243; _module_preset=\u00bbdefault\u00bb global_colors_info=\u00bb{}\u00bb open=\u00bboff\u00bb]<\/p>\n<p>Somos una plataforma de contenidos multipantalla que ofrece una nueva experiencia de entretenimiento.<br \/>Es una soluci\u00f3n de contenidos pensada para que la puedas llevar tus contenidos a todos lados, contamos con mas de 100 canales en vivo y a plataformas de streaming de terceros. Para contratar el nuevo servicio de Cotel, lo podes hacer desde la web de autogesti\u00f3n &#8211; <a href=\"https:\/\/cotel.com.ar\/autogestion\/login\">https:\/\/cotel.com.ar\/autogestion\/login<\/a> &#8211; o solicita un vendedor para que se comunique con vos en &#8211; <a href=\"https:\/\/cotel.com.ar\/preventa-cotelplay\">https:\/\/cotel.com.ar\/preventa-cotelplay<\/a> &#8211;<\/p>\n<p>[\/et_pb_accordion_item][et_pb_accordion_item title=\u00bb\u00bfQue incluye el servicio?\u00bb _builder_version=\u00bb4.14.4&#8243; _module_preset=\u00bbdefault\u00bb global_colors_info=\u00bb{}\u00bb open=\u00bboff\u00bb]<\/p>\n<p>El servicio incluye acceso a la plataforma con mas de 100 Contenidos Everywhere multipantalla por medio un usuario y una contrase\u00f1a brindada por la Cooperativa.\u00a0 Accederas a todo el contenido con funcionalidades VOD, Catch up, Re-start, metadata, EPG (grilla de se\u00f1ales). Mira la grilla de contenidos desde la pagina principal o ingresa a &#8211; <a href=\"https:\/\/cotelplay.cotel.com.ar\/?page_id=99\">https:\/\/cotelplay.cotel.com.ar\/?page_id=99<\/a> -.<\/p>\n<p>[\/et_pb_accordion_item][et_pb_accordion_item title=\u00bb\u00bfQu\u00e9 ancho de banda necesito?\u00bb _builder_version=\u00bb4.14.4&#8243; _module_preset=\u00bbdefault\u00bb global_colors_info=\u00bb{}\u00bb open=\u00bboff\u00bb]<\/p>\n<p>Cotel Play esta disponible para los usuarios de Fibra Optica de Cotel a partir de los 10 megas. El uso promedio de ancho de banda es en FHD es de 6 megas.\u00a0<\/p>\n<p>[\/et_pb_accordion_item][et_pb_accordion_item title=\u00bb\u00bfQu\u00e9 es Catch up y Restart TV?\u00bb _builder_version=\u00bb4.14.4&#8243; _module_preset=\u00bbdefault\u00bb global_colors_info=\u00bb{}\u00bb open=\u00bboff\u00bb]<\/p>\n<p><span>Estas funcionalidades, permiten tener una mejor experiencia dentro de la plataforma de contenidos multipantalla. Con la funcionalidad de Catch up TV, el contenido se almacena por 48 horas, y se puede visualizar desde cualquier dispositivo. Y con la funcionalidad Re-start TV se puede reiniciar o retroceder un programa en vivo.<\/span><\/p>\n<p>[\/et_pb_accordion_item][et_pb_accordion_item title=\u00bb\u00bfCu\u00e1les son los dispositivos compatibles?\u00bb _builder_version=\u00bb4.14.4&#8243; _module_preset=\u00bbdefault\u00bb global_colors_info=\u00bb{}\u00bb open=\u00bboff\u00bb]<\/p>\n<p>Celulares Android, Celulares IPhone, Computadoras personales por navegador compatible con Chrome o safari, Chromecast, Android box, Android Tv.<br \/><strong>Android TV<\/strong> es un sistema operativo de televisi\u00f3n inteligente basado en Android y desarrollado por Google para televisores, reproductores multimedia digitales, decodificadores y barras de sonido.<br \/>Los<strong> Android box<\/strong> son unos dispositivos que convierten un televisor convencional sin opciones de internet en un Smart TV con sistema operativo Android que despliega en la pantalla un interfaz lleno de posibilidades al alcance el mando a distancia.<br \/><strong>Chromecast<\/strong> es un peque\u00f1o reproductor de v\u00eddeo capaz de transformar cualquier televisor HD en una Smart TV a trav\u00e9s de tu celular.<\/p>\n<p>&nbsp;<\/p>\n<p>[\/et_pb_accordion_item][et_pb_accordion_item title=\u00bb\u00bfPuedo contratar Pack de canales por separado?\u00bb open=\u00bbon\u00bb _builder_version=\u00bb4.14.4&#8243; _module_preset=\u00bbdefault\u00bb global_colors_info=\u00bb{}\u00bb]<\/p>\n<p>Cuando contrat\u00e1s el servicio de Cotel Play accedes a mas de 100 canales de streaming en vivo y en directo. Pero desde tu panel podes contratar como adicional el<span style=\"text-decoration: underline;\"><strong> pack HBO que incluye 8 canales<\/strong><\/span> en la plataforma e incluye acceso a HBO GO (plataforma de VOD); y tambien podes contratar el pack futbol que incluye los dos canales de emision en vivo de <strong><span style=\"text-decoration: underline;\">Futbol Argentino<\/span><\/strong>.\u00a0<\/p>\n<p>[\/et_pb_accordion_item][\/et_pb_accordion][\/et_pb_column][\/et_pb_row][\/et_pb_section]<\/p>\n","protected":false},"excerpt":{"rendered":"<p>Somos una plataforma de contenidos multipantalla que ofrece una nueva experiencia de entretenimiento.Es una soluci\u00f3n de contenidos pensada para que la puedas llevar tus contenidos a todos lados, contamos con mas de 100 canales en vivo y a plataformas de streaming de terceros. Para contratar el nuevo servicio de Cotel, lo podes hacer desde la [&hellip;]<\/p>\n","protected":false},"author":1,"featured_media":0,"parent":0,"menu_order":0,"comment_status":"closed","ping_status":"closed","template":"","meta":{"_et_pb_use_builder":"on","_et_pb_old_content":"","_et_gb_content_width":"","_joinchat":[],"footnotes":""},"class_list":["post-131","page","type-page","status-publish","hentry"],"_links":{"self":[{"href":"https:\/\/cotelplay.cotel.com.ar\/index.php?rest_route=\/wp\/v2\/pages\/131","targetHints":{"allow":["GET"]}}],"collection":[{"href":"https:\/\/cotelplay.cotel.com.ar\/index.php?rest_route=\/wp\/v2\/pages"}],"about":[{"href":"https:\/\/cotelplay.cotel.com.ar\/index.php?rest_route=\/wp\/v2\/types\/page"}],"author":[{"embeddable":true,"href":"https:\/\/cotelplay.cotel.com.ar\/index.php?rest_route=\/wp\/v2\/users\/1"}],"replies":[{"embeddable":true,"href":"https:\/\/cotelplay.cotel.com.ar\/index.php?rest_route=%2Fwp%2Fv2%2Fcomments&post=131"}],"version-history":[{"count":8,"href":"https:\/\/cotelplay.cotel.com.ar\/index.php?rest_route=\/wp\/v2\/pages\/131\/revisions"}],"predecessor-version":[{"id":179,"href":"https:\/\/cotelplay.cotel.com.ar\/index.php?rest_route=\/wp\/v2\/pages\/131\/revisions\/179"}],"wp:attachment":[{"href":"https:\/\/cotelplay.cotel.com.ar\/index.php?rest_route=%2Fwp%2Fv2%2Fmedia&parent=131"}],"curies":[{"name":"wp","href":"https:\/\/api.w.org\/{rel}","templated":true}]}}